{"id":4731,"date":"2022-03-10T10:57:29","date_gmt":"2022-03-10T09:57:29","guid":{"rendered":"https:\/\/hoster.community\/wo\/"},"modified":"2022-09-26T18:27:33","modified_gmt":"2022-09-26T16:27:33","slug":"wo","status":"publish","type":"page","link":"https:\/\/hoster.community\/de\/wo\/","title":{"rendered":"WO"},"content":{"rendered":"<p><div class=\"fusion-fullwidth fullwidth-box fusion-builder-row-1 fusion-flex-container fusion-parallax-fixed nonhundred-percent-fullwidth non-hundred-percent-height-scrolling lazyload\" style=\"--link_hover_color: #b3c825;--awb-background-blend-mode:darken;--awb-border-radius-top-left:0px;--awb-border-radius-top-right:0px;--awb-border-radius-bottom-right:0px;--awb-border-radius-bottom-left:0px;--awb-padding-top:30px;--awb-padding-bottom:30px;--awb-min-height:calc( 100vh - 90px );--awb-background-image:linear-gradient(270deg, rgba(0,0,0,0) 0%,rgba(0,0,0,0.51) 50%);;--awb-background-size:cover;--awb-flex-wrap:wrap;background-attachment:fixed;\" data-bg=\"https:\/\/hoster.community\/wp-content\/uploads\/2022\/03\/BOLOGNA.png\" data-bg-gradient=\"linear-gradient(270deg, rgba(0,0,0,0) 0%,rgba(0,0,0,0.51) 50%)\" ><div class=\"fusion-builder-row fusion-row fusion-flex-align-items-center fusion-flex-align-content-space-between fusion-flex-justify-content-center fusion-flex-content-wrap\" style=\"max-width:1216.8px;margin-left: calc(-4% \/ 2 );margin-right: calc(-4% \/ 2 );\"><div class=\"fusion-layout-column fusion_builder_column fusion-builder-column-0 fusion_builder_column_1_1 1_1 fusion-flex-column\" style=\"--awb-bg-size:cover;--awb-width-large:100%;--awb-margin-top-large:15px;--awb-spacing-right-large:1.92%;--awb-margin-bottom-large:15px;--awb-spacing-left-large:1.92%;--awb-width-medium:100%;--awb-order-medium:0;--awb-spacing-right-medium:1.92%;--awb-spacing-left-medium:1.92%;--awb-width-small:100%;--awb-order-small:0;--awb-spacing-right-small:1.92%;--awb-spacing-left-small:1.92%;\"><div class=\"fusion-column-wrapper fusion-column-has-shadow fusion-flex-justify-content-flex-start fusion-content-layout-column\"><\/div><\/div><div class=\"fusion-layout-column fusion_builder_column fusion-builder-column-1 fusion_builder_column_1_1 1_1 fusion-flex-column\" style=\"--awb-bg-size:cover;--awb-width-large:100%;--awb-margin-top-large:15px;--awb-spacing-right-large:1.92%;--awb-margin-bottom-large:15px;--awb-spacing-left-large:1.92%;--awb-width-medium:100%;--awb-order-medium:0;--awb-spacing-right-medium:1.92%;--awb-spacing-left-medium:1.92%;--awb-width-small:100%;--awb-order-small:0;--awb-spacing-right-small:1.92%;--awb-spacing-left-small:1.92%;\"><div class=\"fusion-column-wrapper fusion-column-has-shadow fusion-flex-justify-content-flex-start fusion-content-layout-column\"><div class=\"fusion-title title fusion-title-1 fusion-sep-none fusion-title-text fusion-title-size-two fusion-animated\" style=\"--awb-text-color:var(--awb-color1);--awb-margin-bottom:0px;--awb-margin-top-small:0px;--awb-margin-right-small:0px;--awb-margin-bottom-small:20px;--awb-margin-left-small:0px;--awb-font-size:96px;\" data-animationType=\"fadeInDown\" data-animationDuration=\"1.0\" data-animationOffset=\"top-into-view\"><h2 class=\"fusion-title-heading title-heading-left fusion-responsive-typography-calculated\" style=\"margin:0;letter-spacing:5px;text-transform:uppercase;font-size:1em;--fontSize:96;line-height:var(--awb-typography1-line-height);\">WO<\/h2><\/div><div class=\"fusion-text fusion-text-1 fusion-animated\" style=\"--awb-text-transform:none;--awb-text-color:#ffffff;\" data-animationType=\"fadeInUp\" data-animationDuration=\"1.0\" data-animationOffset=\"top-into-view\"><h4><span style=\"color: #ffffff;\">Aufnahmest\u00e4dte und -l\u00e4nder<\/span><\/h4>\n<\/div><\/div><\/div><div class=\"fusion-layout-column fusion_builder_column fusion-builder-column-2 fusion_builder_column_1_1 1_1 fusion-flex-column\" style=\"--awb-bg-size:cover;--awb-width-large:100%;--awb-margin-top-large:15px;--awb-spacing-right-large:1.92%;--awb-margin-bottom-large:15px;--awb-spacing-left-large:1.92%;--awb-width-medium:100%;--awb-order-medium:0;--awb-spacing-right-medium:1.92%;--awb-spacing-left-medium:1.92%;--awb-width-small:100%;--awb-order-small:0;--awb-spacing-right-small:1.92%;--awb-spacing-left-small:1.92%;\"><div class=\"fusion-column-wrapper fusion-column-has-shadow fusion-flex-justify-content-flex-start fusion-content-layout-column\"><a class=\"fb-icon-element-1 fb-icon-element fontawesome-icon awb-sports-angle-down1 circle-no fusion-animated fusion-link fusion-one-page-text-link\" style=\"--awb-font-size:61px;--awb-margin-top:0;--awb-margin-right:0;--awb-margin-bottom:0;--awb-margin-left:0;--awb-align-self:center;\" data-animationType=\"fadeInUp\" data-animationDuration=\"3.0\" data-animationOffset=\"top-into-view\" href=\"#maincontent\" target=\"_self\" aria-label=\"Link to #maincontent\"><\/a><\/div><\/div><\/div><\/div><div class=\"fusion-fullwidth fullwidth-box fusion-builder-row-2 fusion-flex-container nonhundred-percent-fullwidth non-hundred-percent-height-scrolling\" style=\"--awb-border-radius-top-left:0px;--awb-border-radius-top-right:0px;--awb-border-radius-bottom-right:0px;--awb-border-radius-bottom-left:0px;--awb-padding-top:50px;--awb-flex-wrap:wrap;\" ><div class=\"fusion-builder-row fusion-row fusion-flex-align-items-flex-start fusion-flex-content-wrap\" style=\"max-width:1216.8px;margin-left: calc(-4% \/ 2 );margin-right: calc(-4% \/ 2 );\"><div class=\"fusion-layout-column fusion_builder_column fusion-builder-column-3 fusion_builder_column_1_5 1_5 fusion-flex-column\" style=\"--awb-bg-size:cover;--awb-width-large:20%;--awb-margin-top-large:15px;--awb-spacing-right-large:9.6%;--awb-margin-bottom-large:15px;--awb-spacing-left-large:9.6%;--awb-width-medium:100%;--awb-order-medium:0;--awb-spacing-right-medium:1.92%;--awb-spacing-left-medium:1.92%;--awb-width-small:100%;--awb-order-small:0;--awb-spacing-right-small:1.92%;--awb-spacing-left-small:1.92%;\"><div class=\"fusion-column-wrapper fusion-column-has-shadow fusion-flex-justify-content-flex-start fusion-content-layout-column\"><\/div><\/div><div class=\"fusion-layout-column fusion_builder_column fusion-builder-column-4 fusion_builder_column_3_5 3_5 fusion-flex-column\" style=\"--awb-bg-size:cover;--awb-width-large:60%;--awb-margin-top-large:15px;--awb-spacing-right-large:3.2%;--awb-margin-bottom-large:15px;--awb-spacing-left-large:3.2%;--awb-width-medium:100%;--awb-order-medium:0;--awb-spacing-right-medium:1.92%;--awb-spacing-left-medium:1.92%;--awb-width-small:100%;--awb-order-small:0;--awb-spacing-right-small:1.92%;--awb-spacing-left-small:1.92%;\"><div class=\"fusion-column-wrapper fusion-column-has-shadow fusion-flex-justify-content-flex-start fusion-content-layout-column\"><div class=\"fusion-text fusion-text-2\" style=\"--awb-font-size:20px;--awb-text-transform:none;--awb-text-font-family:&quot;Oswald&quot;;--awb-text-font-style:normal;--awb-text-font-weight:400;\"><p>Das Projekt wurde in Italien in den Regionen Forl\u00ec und Bologna erprobt, wo wir mit lokalen Familien zusammengearbeitet haben, die Lernende aus Frankreich aufgenommen haben.<\/p>\n<p>Dank des Projektes <a href=\"https:\/\/prodigeproject.net\/\" target=\"_blank\" rel=\"noopener\">PRODIGE<\/a> wird die Karte von HOSTER erweitert, so dass wir nun auch in den folgenden St\u00e4dten und in der Umgebung Gastgeber sein k\u00f6nnen:<\/p>\n<p>?Lyon, Frankreich<br \/>\n?Bologna, Italien<br \/>\n?K\u00f6ln, Deutschland<br \/>\n?Barcelona, Spanien<br \/>\n?Helsinki, Finnland<br \/>\n?Venice, Italien<br \/>\n?Bergerac, Frankreich<\/p>\n<\/div><div class=\"fusion-text fusion-text-3\" style=\"--awb-font-size:20px;--awb-text-transform:none;\"><p>Wenn Sie in einer dieser St\u00e4dte oder in der gleichen Region leben und einen ausl\u00e4ndischen Praktikanten oder Praktikantin aufnehmen m\u00f6chten, f\u00fcllen Sie <span style=\"font-weight: 400;\">bitte<\/span> <span style=\"font-weight: 400;\">dieses<\/span> <a href=\"https:\/\/docs.google.com\/forms\/d\/e\/1FAIpQLSdZv3VnG92qZNpBVMLXw8n_VT6CT6k2aFzMZi4L_4Onusgt_A\/viewform\"><span style=\"font-weight: 400;\"><strong>kurze Formular<\/strong><\/span><\/a> <span style=\"font-weight: 400;\">aus und wir werden uns mit Ihnen in Verbindung setzen.<\/span><\/p>\n<p><span style=\"font-weight: 400;\">Z\u00f6gern Sie nicht, uns auch dann zu <strong><a href=\"https:\/\/hoster.community\/de\/kontaktieren\/\">kontaktieren<\/a><\/strong>, wenn Sie nicht in diesen Gebieten wohnen. Wir arbeiten oft mit Partnern in den oben genannten L\u00e4ndern zusammen, so dass Ihre Teilnahme an diesem Projekt trotzdem m\u00f6glich sein k\u00f6nnte!<\/span><\/p>\n<\/div><\/div><\/div><div class=\"fusion-layout-column fusion_builder_column fusion-builder-column-5 fusion_builder_column_1_5 1_5 fusion-flex-column\" style=\"--awb-bg-size:cover;--awb-width-large:20%;--awb-margin-top-large:15px;--awb-spacing-right-large:9.6%;--awb-margin-bottom-large:15px;--awb-spacing-left-large:9.6%;--awb-width-medium:100%;--awb-order-medium:0;--awb-spacing-right-medium:1.92%;--awb-spacing-left-medium:1.92%;--awb-width-small:100%;--awb-order-small:0;--awb-spacing-right-small:1.92%;--awb-spacing-left-small:1.92%;\"><div class=\"fusion-column-wrapper fusion-column-has-shadow fusion-flex-justify-content-flex-start fusion-content-layout-column\"><\/div><\/div><\/div><\/div><div class=\"fusion-fullwidth fullwidth-box fusion-builder-row-3 fusion-flex-container fusion-parallax-none nonhundred-percent-fullwidth non-hundred-percent-height-scrolling lazyload\" style=\"--awb-border-sizes-top:0px;--awb-border-sizes-bottom:0px;--awb-border-sizes-left:0px;--awb-border-sizes-right:0px;--awb-border-radius-top-left:0px;--awb-border-radius-top-right:0px;--awb-border-radius-bottom-right:0px;--awb-border-radius-bottom-left:0px;--awb-padding-bottom:5%;--awb-background-image:linear-gradient(180deg, rgba(66,66,66,0.7) 0%,rgba(66,66,66,0.7) 100%);;--awb-background-size:cover;--awb-flex-wrap:wrap;\" data-bg=\"https:\/\/hoster.community\/wp-content\/uploads\/2022\/03\/CTA-resized.png\" data-bg-gradient=\"linear-gradient(180deg, rgba(66,66,66,0.7) 0%,rgba(66,66,66,0.7) 100%)\" ><div class=\"fusion-builder-row fusion-row fusion-flex-align-items-flex-start fusion-flex-justify-content-center fusion-flex-content-wrap\" style=\"max-width:calc( 1170px + 0px );margin-left: calc(-0px \/ 2 );margin-right: calc(-0px \/ 2 );\"><div class=\"fusion-layout-column fusion_builder_column fusion-builder-column-6 fusion_builder_column_1_1 1_1 fusion-flex-column fusion-flex-align-self-flex-start fusion-column-no-min-height\" style=\"--awb-bg-blend:overlay;--awb-bg-size:cover;--awb-width-large:100%;--awb-margin-top-large:0px;--awb-spacing-right-large:0px;--awb-margin-bottom-large:7%;--awb-spacing-left-large:0px;--awb-width-medium:100%;--awb-spacing-right-medium:0px;--awb-spacing-left-medium:0px;--awb-width-small:100%;--awb-spacing-right-small:0px;--awb-spacing-left-small:0px;\"><div class=\"fusion-column-wrapper fusion-flex-justify-content-flex-start fusion-content-layout-column\"><div class=\"fusion-section-separator section-separator bigtriangle fusion-section-separator-1\" style=\"--awb-spacer-height:99px;--awb-svg-margin-left:0px;--awb-svg-margin-right:0px;--awb-svg-margin-left-medium:0px;--awb-svg-margin-right-medium:0px;--awb-svg-margin-left-small:0px;--awb-svg-margin-right-small:0px;--awb-divider-height:99px;--awb-spacer-padding-top:inherit;--awb-sep-padding:0;--awb-svg-padding:0;\"><div class=\"fusion-section-separator-svg\"><svg class=\"fusion-big-triangle-candy\" xmlns=\"http:\/\/www.w3.org\/2000\/svg\" version=\"1.1\" width=\"100%\" height=\"100\" viewBox=\"0 0 100 100\" preserveAspectRatio=\"none\" fill=\"rgba(255,255,255,1)\"><path d=\"M-1 -1 L50 99 L101 -1 Z\"><\/path><\/svg><\/div><div class=\"fusion-section-separator-spacer\"><div class=\"fusion-section-separator-spacer-height\"><\/div><\/div><\/div><\/div><\/div><div class=\"fusion-layout-column fusion_builder_column fusion-builder-column-7 fusion_builder_column_2_3 2_3 fusion-flex-column fusion-animated\" style=\"--awb-bg-blend:overlay;--awb-bg-size:cover;--awb-width-large:66.666666666667%;--awb-margin-top-large:60px;--awb-spacing-right-large:calc( 0.03 * calc( 100% - 0px ) );--awb-margin-bottom-large:60px;--awb-spacing-left-large:calc( 0.03 * calc( 100% - 0px ) );--awb-width-medium:100%;--awb-spacing-right-medium:0px;--awb-spacing-left-medium:0px;--awb-width-small:100%;--awb-spacing-right-small:0px;--awb-spacing-left-small:0px;\" data-animationType=\"fadeIn\" data-animationDuration=\"1.0\" data-animationOffset=\"top-into-view\"><div class=\"fusion-column-wrapper fusion-flex-justify-content-flex-start fusion-content-layout-column\"><div class=\"fusion-text fusion-text-4 fusion-text-no-margin\" style=\"--awb-content-alignment:center;--awb-font-size:var(--awb-typography2-font-size);--awb-line-height:var(--awb-typography2-line-height);--awb-letter-spacing:var(--awb-typography2-letter-spacing);--awb-text-transform:var(--awb-typography2-text-transform);--awb-text-color:var(--awb-color1);--awb-margin-bottom:0px;--awb-text-font-family:var(--awb-typography2-font-family);--awb-text-font-weight:var(--awb-typography2-font-weight);--awb-text-font-style:var(--awb-typography2-font-style);\"><p>SIND SIE BEREIT, DIESE REISE ANZUTRETEN?<\/p>\n<\/div><div class=\"fusion-title title fusion-title-2 fusion-sep-none fusion-title-center fusion-title-text fusion-title-size-two\" style=\"--awb-text-color:var(--awb-color1);--awb-margin-top-small:0px;--awb-margin-right-small:0px;--awb-margin-bottom-small:20px;--awb-margin-left-small:0px;--awb-font-size:90px;\"><h2 class=\"fusion-title-heading title-heading-center fusion-responsive-typography-calculated\" style=\"margin:0;text-transform:var(--awb-typography1-text-transform);font-size:1em;--fontSize:90;line-height:var(--awb-typography1-line-height);\">GASTGEBERIN ODER GASTGEBER WERDEN<\/h2><\/div><div style=\"text-align:center;\"><a class=\"fusion-button button-flat button-xlarge button-default fusion-button-default button-1 fusion-button-default-span fusion-button-default-type\" target=\"_self\" href=\"https:\/\/docs.google.com\/forms\/d\/e\/1FAIpQLSe87X8rMXVAsgcLPdL0NJ2yetc91H3fk0uBc1i50i9jW1gy9Q\/viewform\"><span class=\"fusion-button-text awb-button__text awb-button__text--default\">JETZT BEWERBEN<\/span><\/a><\/div><\/div><\/div><\/div><\/div>\n<\/p>\n","protected":false},"excerpt":{"rendered":"","protected":false},"author":2,"featured_media":0,"parent":0,"menu_order":0,"comment_status":"closed","ping_status":"closed","template":"100-width.php","meta":{"_monsterinsights_skip_tracking":false,"_monsterinsights_sitenote_active":false,"_monsterinsights_sitenote_note":"","_monsterinsights_sitenote_category":0,"footnotes":""},"class_list":["post-4731","page","type-page","status-publish","hentry"],"yoast_head":"<!-- This site is optimized with the Yoast SEO plugin v27.3 - https:\/\/yoast.com\/product\/yoast-seo-wordpress\/ -->\n<title>WO - HOSTER<\/title>\n<meta name=\"description\" content=\"Das Projekt wurde in der Emilia-Romagna, Italien, erprobt. Entdecken Sie alle St\u00e4dte und L\u00e4nder in Europa, in denen HOSTER aktiv ist.\" \/>\n<meta name=\"robots\" content=\"index, follow, max-snippet:-1, max-image-preview:large, max-video-preview:-1\" \/>\n<link rel=\"canonical\" href=\"https:\/\/hoster.community\/de\/wo\/\" \/>\n<meta property=\"og:locale\" content=\"de_DE\" \/>\n<meta property=\"og:type\" content=\"article\" \/>\n<meta property=\"og:title\" content=\"HOSTER - WO\" \/>\n<meta property=\"og:description\" content=\"Das Projekt wurde in der Emilia-Romagna, Italien, erprobt. Entdecken Sie alle St\u00e4dte und L\u00e4nder in Europa, in denen HOSTER aktiv ist.\" \/>\n<meta property=\"og:url\" content=\"https:\/\/hoster.community\/de\/wo\/\" \/>\n<meta property=\"og:site_name\" content=\"HOSTER\" \/>\n<meta property=\"article:modified_time\" content=\"2022-09-26T16:27:33+00:00\" \/>\n<meta property=\"og:image\" content=\"https:\/\/hoster.community\/wp-content\/uploads\/2022\/03\/2000x1200_con-scritta-1-1024x614.jpg\" \/>\n<meta name=\"twitter:card\" content=\"summary_large_image\" \/>\n<meta name=\"twitter:label1\" content=\"Gesch\u00e4tzte Lesezeit\" \/>\n\t<meta name=\"twitter:data1\" content=\"11\u00a0Minuten\" \/>\n<script type=\"application\/ld+json\" class=\"yoast-schema-graph\">{\"@context\":\"https:\\\/\\\/schema.org\",\"@graph\":[{\"@type\":\"WebPage\",\"@id\":\"https:\\\/\\\/hoster.community\\\/de\\\/wo\\\/\",\"url\":\"https:\\\/\\\/hoster.community\\\/de\\\/wo\\\/\",\"name\":\"WO - HOSTER\",\"isPartOf\":{\"@id\":\"https:\\\/\\\/hoster.community\\\/de\\\/#website\"},\"datePublished\":\"2022-03-10T09:57:29+00:00\",\"dateModified\":\"2022-09-26T16:27:33+00:00\",\"description\":\"Das Projekt wurde in der Emilia-Romagna, Italien, erprobt. Entdecken Sie alle St\u00e4dte und L\u00e4nder in Europa, in denen HOSTER aktiv ist.\",\"inLanguage\":\"de\",\"potentialAction\":[{\"@type\":\"ReadAction\",\"target\":[\"https:\\\/\\\/hoster.community\\\/de\\\/wo\\\/\"]}]},{\"@type\":\"WebSite\",\"@id\":\"https:\\\/\\\/hoster.community\\\/de\\\/#website\",\"url\":\"https:\\\/\\\/hoster.community\\\/de\\\/\",\"name\":\"HOSTER\",\"description\":\"The experience of hosting a European student\",\"potentialAction\":[{\"@type\":\"SearchAction\",\"target\":{\"@type\":\"EntryPoint\",\"urlTemplate\":\"https:\\\/\\\/hoster.community\\\/de\\\/?s={search_term_string}\"},\"query-input\":{\"@type\":\"PropertyValueSpecification\",\"valueRequired\":true,\"valueName\":\"search_term_string\"}}],\"inLanguage\":\"de\"}]}<\/script>\n<!-- \/ Yoast SEO plugin. -->","yoast_head_json":{"title":"WO - HOSTER","description":"Das Projekt wurde in der Emilia-Romagna, Italien, erprobt. Entdecken Sie alle St\u00e4dte und L\u00e4nder in Europa, in denen HOSTER aktiv ist.","robots":{"index":"index","follow":"follow","max-snippet":"max-snippet:-1","max-image-preview":"max-image-preview:large","max-video-preview":"max-video-preview:-1"},"canonical":"https:\/\/hoster.community\/de\/wo\/","og_locale":"de_DE","og_type":"article","og_title":"HOSTER - WO","og_description":"Das Projekt wurde in der Emilia-Romagna, Italien, erprobt. Entdecken Sie alle St\u00e4dte und L\u00e4nder in Europa, in denen HOSTER aktiv ist.","og_url":"https:\/\/hoster.community\/de\/wo\/","og_site_name":"HOSTER","article_modified_time":"2022-09-26T16:27:33+00:00","og_image":[{"url":"https:\/\/hoster.community\/wp-content\/uploads\/2022\/03\/2000x1200_con-scritta-1-1024x614.jpg","type":"","width":"","height":""}],"twitter_card":"summary_large_image","twitter_misc":{"Gesch\u00e4tzte Lesezeit":"11\u00a0Minuten"},"schema":{"@context":"https:\/\/schema.org","@graph":[{"@type":"WebPage","@id":"https:\/\/hoster.community\/de\/wo\/","url":"https:\/\/hoster.community\/de\/wo\/","name":"WO - HOSTER","isPartOf":{"@id":"https:\/\/hoster.community\/de\/#website"},"datePublished":"2022-03-10T09:57:29+00:00","dateModified":"2022-09-26T16:27:33+00:00","description":"Das Projekt wurde in der Emilia-Romagna, Italien, erprobt. Entdecken Sie alle St\u00e4dte und L\u00e4nder in Europa, in denen HOSTER aktiv ist.","inLanguage":"de","potentialAction":[{"@type":"ReadAction","target":["https:\/\/hoster.community\/de\/wo\/"]}]},{"@type":"WebSite","@id":"https:\/\/hoster.community\/de\/#website","url":"https:\/\/hoster.community\/de\/","name":"HOSTER","description":"The experience of hosting a European student","potentialAction":[{"@type":"SearchAction","target":{"@type":"EntryPoint","urlTemplate":"https:\/\/hoster.community\/de\/?s={search_term_string}"},"query-input":{"@type":"PropertyValueSpecification","valueRequired":true,"valueName":"search_term_string"}}],"inLanguage":"de"}]}},"_links":{"self":[{"href":"https:\/\/hoster.community\/de\/wp-json\/wp\/v2\/pages\/4731","targetHints":{"allow":["GET"]}}],"collection":[{"href":"https:\/\/hoster.community\/de\/wp-json\/wp\/v2\/pages"}],"about":[{"href":"https:\/\/hoster.community\/de\/wp-json\/wp\/v2\/types\/page"}],"author":[{"embeddable":true,"href":"https:\/\/hoster.community\/de\/wp-json\/wp\/v2\/users\/2"}],"replies":[{"embeddable":true,"href":"https:\/\/hoster.community\/de\/wp-json\/wp\/v2\/comments?post=4731"}],"version-history":[{"count":2,"href":"https:\/\/hoster.community\/de\/wp-json\/wp\/v2\/pages\/4731\/revisions"}],"predecessor-version":[{"id":4733,"href":"https:\/\/hoster.community\/de\/wp-json\/wp\/v2\/pages\/4731\/revisions\/4733"}],"wp:attachment":[{"href":"https:\/\/hoster.community\/de\/wp-json\/wp\/v2\/media?parent=4731"}],"curies":[{"name":"wp","href":"https:\/\/api.w.org\/{rel}","templated":true}]}}