{"id":4728,"date":"2022-03-10T10:57:29","date_gmt":"2022-03-10T09:57:29","guid":{"rendered":"https:\/\/hoster.community\/ou-sommes-nous\/"},"modified":"2022-09-29T13:08:46","modified_gmt":"2022-09-29T11:08:46","slug":"ou-sommes-nous","status":"publish","type":"page","link":"https:\/\/hoster.community\/fr\/ou-sommes-nous\/","title":{"rendered":"O\u00d9 SOMMES-NOUS"},"content":{"rendered":"<p><div class=\"fusion-fullwidth fullwidth-box fusion-builder-row-1 fusion-flex-container fusion-parallax-fixed nonhundred-percent-fullwidth non-hundred-percent-height-scrolling lazyload\" style=\"--link_hover_color: #b3c825;--awb-background-blend-mode:darken;--awb-border-radius-top-left:0px;--awb-border-radius-top-right:0px;--awb-border-radius-bottom-right:0px;--awb-border-radius-bottom-left:0px;--awb-padding-top:30px;--awb-padding-bottom:30px;--awb-min-height:calc( 100vh - 90px );--awb-background-image:linear-gradient(270deg, rgba(0,0,0,0) 0%,rgba(0,0,0,0.51) 50%);;--awb-background-size:cover;--awb-flex-wrap:wrap;background-attachment:fixed;\" data-bg=\"https:\/\/hoster.community\/wp-content\/uploads\/2022\/03\/BOLOGNA.png\" data-bg-gradient=\"linear-gradient(270deg, rgba(0,0,0,0) 0%,rgba(0,0,0,0.51) 50%)\" ><div class=\"fusion-builder-row fusion-row fusion-flex-align-items-center fusion-flex-align-content-space-between fusion-flex-justify-content-center fusion-flex-content-wrap\" style=\"max-width:1216.8px;margin-left: calc(-4% \/ 2 );margin-right: calc(-4% \/ 2 );\"><div class=\"fusion-layout-column fusion_builder_column fusion-builder-column-0 fusion_builder_column_1_1 1_1 fusion-flex-column\" style=\"--awb-bg-size:cover;--awb-width-large:100%;--awb-margin-top-large:15px;--awb-spacing-right-large:1.92%;--awb-margin-bottom-large:15px;--awb-spacing-left-large:1.92%;--awb-width-medium:100%;--awb-order-medium:0;--awb-spacing-right-medium:1.92%;--awb-spacing-left-medium:1.92%;--awb-width-small:100%;--awb-order-small:0;--awb-spacing-right-small:1.92%;--awb-spacing-left-small:1.92%;\"><div class=\"fusion-column-wrapper fusion-column-has-shadow fusion-flex-justify-content-flex-start fusion-content-layout-column\"><\/div><\/div><div class=\"fusion-layout-column fusion_builder_column fusion-builder-column-1 fusion_builder_column_1_1 1_1 fusion-flex-column\" style=\"--awb-bg-size:cover;--awb-width-large:100%;--awb-margin-top-large:15px;--awb-spacing-right-large:1.92%;--awb-margin-bottom-large:15px;--awb-spacing-left-large:1.92%;--awb-width-medium:100%;--awb-order-medium:0;--awb-spacing-right-medium:1.92%;--awb-spacing-left-medium:1.92%;--awb-width-small:100%;--awb-order-small:0;--awb-spacing-right-small:1.92%;--awb-spacing-left-small:1.92%;\"><div class=\"fusion-column-wrapper fusion-column-has-shadow fusion-flex-justify-content-flex-start fusion-content-layout-column\"><div class=\"fusion-title title fusion-title-1 fusion-sep-none fusion-title-text fusion-title-size-two fusion-animated\" style=\"--awb-text-color:var(--awb-color1);--awb-margin-bottom:0px;--awb-margin-top-small:0px;--awb-margin-right-small:0px;--awb-margin-bottom-small:20px;--awb-margin-left-small:0px;--awb-font-size:96px;\" data-animationType=\"fadeInDown\" data-animationDuration=\"1.0\" data-animationOffset=\"top-into-view\"><h2 class=\"fusion-title-heading title-heading-left fusion-responsive-typography-calculated\" style=\"margin:0;letter-spacing:5px;text-transform:uppercase;font-size:1em;--fontSize:96;line-height:var(--awb-typography1-line-height);\">O\u00d9 SOMMES-NOUS<\/h2><\/div><div class=\"fusion-text fusion-text-1 fusion-animated\" style=\"--awb-text-transform:none;--awb-text-color:#ffffff;\" data-animationType=\"fadeInUp\" data-animationDuration=\"1.0\" data-animationOffset=\"top-into-view\"><h4><span style=\"color: #ffffff;\">Villes et pays de HOSTER<\/span><\/h4>\n<\/div><\/div><\/div><div class=\"fusion-layout-column fusion_builder_column fusion-builder-column-2 fusion_builder_column_1_1 1_1 fusion-flex-column\" style=\"--awb-bg-size:cover;--awb-width-large:100%;--awb-margin-top-large:15px;--awb-spacing-right-large:1.92%;--awb-margin-bottom-large:15px;--awb-spacing-left-large:1.92%;--awb-width-medium:100%;--awb-order-medium:0;--awb-spacing-right-medium:1.92%;--awb-spacing-left-medium:1.92%;--awb-width-small:100%;--awb-order-small:0;--awb-spacing-right-small:1.92%;--awb-spacing-left-small:1.92%;\"><div class=\"fusion-column-wrapper fusion-column-has-shadow fusion-flex-justify-content-flex-start fusion-content-layout-column\"><a class=\"fb-icon-element-1 fb-icon-element fontawesome-icon awb-sports-angle-down1 circle-no fusion-animated fusion-link fusion-one-page-text-link\" style=\"--awb-font-size:61px;--awb-margin-top:0;--awb-margin-right:0;--awb-margin-bottom:0;--awb-margin-left:0;--awb-align-self:center;\" data-animationType=\"fadeInUp\" data-animationDuration=\"3.0\" data-animationOffset=\"top-into-view\" href=\"#maincontent\" target=\"_self\" aria-label=\"Link to #maincontent\"><\/a><\/div><\/div><\/div><\/div><div class=\"fusion-fullwidth fullwidth-box fusion-builder-row-2 fusion-flex-container nonhundred-percent-fullwidth non-hundred-percent-height-scrolling\" style=\"--awb-border-radius-top-left:0px;--awb-border-radius-top-right:0px;--awb-border-radius-bottom-right:0px;--awb-border-radius-bottom-left:0px;--awb-padding-top:50px;--awb-flex-wrap:wrap;\" ><div class=\"fusion-builder-row fusion-row fusion-flex-align-items-flex-start fusion-flex-content-wrap\" style=\"max-width:1216.8px;margin-left: calc(-4% \/ 2 );margin-right: calc(-4% \/ 2 );\"><div class=\"fusion-layout-column fusion_builder_column fusion-builder-column-3 fusion_builder_column_1_5 1_5 fusion-flex-column\" style=\"--awb-bg-size:cover;--awb-width-large:20%;--awb-margin-top-large:15px;--awb-spacing-right-large:9.6%;--awb-margin-bottom-large:15px;--awb-spacing-left-large:9.6%;--awb-width-medium:100%;--awb-order-medium:0;--awb-spacing-right-medium:1.92%;--awb-spacing-left-medium:1.92%;--awb-width-small:100%;--awb-order-small:0;--awb-spacing-right-small:1.92%;--awb-spacing-left-small:1.92%;\"><div class=\"fusion-column-wrapper fusion-column-has-shadow fusion-flex-justify-content-flex-start fusion-content-layout-column\"><\/div><\/div><div class=\"fusion-layout-column fusion_builder_column fusion-builder-column-4 fusion_builder_column_3_5 3_5 fusion-flex-column\" style=\"--awb-bg-size:cover;--awb-width-large:60%;--awb-margin-top-large:15px;--awb-spacing-right-large:3.2%;--awb-margin-bottom-large:15px;--awb-spacing-left-large:3.2%;--awb-width-medium:100%;--awb-order-medium:0;--awb-spacing-right-medium:1.92%;--awb-spacing-left-medium:1.92%;--awb-width-small:100%;--awb-order-small:0;--awb-spacing-right-small:1.92%;--awb-spacing-left-small:1.92%;\"><div class=\"fusion-column-wrapper fusion-column-has-shadow fusion-flex-justify-content-flex-start fusion-content-layout-column\"><div class=\"fusion-text fusion-text-2\" style=\"--awb-font-size:20px;--awb-text-transform:none;--awb-text-font-family:&quot;Oswald&quot;;--awb-text-font-style:normal;--awb-text-font-weight:400;\"><p>Le projet a \u00e9t\u00e9 test\u00e9 en Italie, dans les r\u00e9gions de Forl\u00ec et de Bologne, o\u00f9 nous avons collabor\u00e9 avec des familles locales qui ont accueilli des \u00e9tudiants fran\u00e7ais.<\/p>\n<p>Gr\u00e2ce \u00e0 <a href=\"https:\/\/prodigeproject.net\/\" target=\"_blank\" rel=\"noopener\">PRODIGE<\/a>, la carte de HOSTER s&rsquo;agrandit, et nous sommes donc d\u00e9sormais en mesure d&rsquo;accueillir \u00e9galement dans les villes suivantes et leurs environs<\/p>\n<p>?Lyon, France<br \/>\n?Bologne, Italie<br \/>\n?Cologne, Allemagne<br \/>\n?Barcelone, Espagne<br \/>\n?Helsinki, Finlande<br \/>\n?Venise, Italie<br \/>\n?Bergerac, France<\/p>\n<\/div><div class=\"fusion-text fusion-text-3\" style=\"--awb-font-size:20px;--awb-text-transform:none;\"><p>Si vous habitez dans l&rsquo;une de ces villes ou aux environs et que vous souhaitez accueillir un stagiaire \u00e9tranger, <span style=\"font-weight: 400;\">merci<\/span> <span style=\"font-weight: 400;\">de remplir ce<\/span> <a href=\"https:\/\/docs.google.com\/forms\/d\/e\/1FAIpQLSfEsRF6fcf06460KEafsDcKlr3_JI6HrfGYDHvLTL7GhMW60w\/viewform\" target=\"_blank\" rel=\"noopener\"><span style=\"font-weight: 400;\"><strong>court formulaire<\/strong><\/span><\/a> <span style=\"font-weight: 400;\">et nous vous recontacterons.<\/span><\/p>\n<p><span style=\"font-weight: 400;\">N&rsquo;h\u00e9sitez pas \u00e0 <strong><a href=\"https:\/\/hoster.community\/fr\/contactez-nous\/\">nous contacter<\/a><\/strong> m\u00eame si vous n\u2019habitez pas dans ces r\u00e9gions, nous collaborons souvent avec des partenaires dans les pays ci-dessus, donc votre participation \u00e0 ce projet est peut-\u00eatre possible malgr\u00e9 tout !<\/span><\/p>\n<\/div><\/div><\/div><div class=\"fusion-layout-column fusion_builder_column fusion-builder-column-5 fusion_builder_column_1_5 1_5 fusion-flex-column\" style=\"--awb-bg-size:cover;--awb-width-large:20%;--awb-margin-top-large:15px;--awb-spacing-right-large:9.6%;--awb-margin-bottom-large:15px;--awb-spacing-left-large:9.6%;--awb-width-medium:100%;--awb-order-medium:0;--awb-spacing-right-medium:1.92%;--awb-spacing-left-medium:1.92%;--awb-width-small:100%;--awb-order-small:0;--awb-spacing-right-small:1.92%;--awb-spacing-left-small:1.92%;\"><div class=\"fusion-column-wrapper fusion-column-has-shadow fusion-flex-justify-content-flex-start fusion-content-layout-column\"><\/div><\/div><\/div><\/div><div class=\"fusion-fullwidth fullwidth-box fusion-builder-row-3 fusion-flex-container fusion-parallax-none nonhundred-percent-fullwidth non-hundred-percent-height-scrolling lazyload\" style=\"--awb-border-sizes-top:0px;--awb-border-sizes-bottom:0px;--awb-border-sizes-left:0px;--awb-border-sizes-right:0px;--awb-border-radius-top-left:0px;--awb-border-radius-top-right:0px;--awb-border-radius-bottom-right:0px;--awb-border-radius-bottom-left:0px;--awb-padding-bottom:5%;--awb-background-image:linear-gradient(180deg, rgba(66,66,66,0.7) 0%,rgba(66,66,66,0.7) 100%);;--awb-background-size:cover;--awb-flex-wrap:wrap;\" data-bg=\"https:\/\/hoster.community\/wp-content\/uploads\/2022\/03\/CTA-resized.png\" data-bg-gradient=\"linear-gradient(180deg, rgba(66,66,66,0.7) 0%,rgba(66,66,66,0.7) 100%)\" ><div class=\"fusion-builder-row fusion-row fusion-flex-align-items-flex-start fusion-flex-justify-content-center fusion-flex-content-wrap\" style=\"max-width:calc( 1170px + 0px );margin-left: calc(-0px \/ 2 );margin-right: calc(-0px \/ 2 );\"><div class=\"fusion-layout-column fusion_builder_column fusion-builder-column-6 fusion_builder_column_1_1 1_1 fusion-flex-column fusion-flex-align-self-flex-start fusion-column-no-min-height\" style=\"--awb-bg-blend:overlay;--awb-bg-size:cover;--awb-width-large:100%;--awb-margin-top-large:0px;--awb-spacing-right-large:0px;--awb-margin-bottom-large:7%;--awb-spacing-left-large:0px;--awb-width-medium:100%;--awb-spacing-right-medium:0px;--awb-spacing-left-medium:0px;--awb-width-small:100%;--awb-spacing-right-small:0px;--awb-spacing-left-small:0px;\"><div class=\"fusion-column-wrapper fusion-flex-justify-content-flex-start fusion-content-layout-column\"><div class=\"fusion-section-separator section-separator bigtriangle fusion-section-separator-1\" style=\"--awb-spacer-height:99px;--awb-svg-margin-left:0px;--awb-svg-margin-right:0px;--awb-svg-margin-left-medium:0px;--awb-svg-margin-right-medium:0px;--awb-svg-margin-left-small:0px;--awb-svg-margin-right-small:0px;--awb-divider-height:99px;--awb-spacer-padding-top:inherit;--awb-sep-padding:0;--awb-svg-padding:0;\"><div class=\"fusion-section-separator-svg\"><svg class=\"fusion-big-triangle-candy\" xmlns=\"http:\/\/www.w3.org\/2000\/svg\" version=\"1.1\" width=\"100%\" height=\"100\" viewBox=\"0 0 100 100\" preserveAspectRatio=\"none\" fill=\"rgba(255,255,255,1)\"><path d=\"M-1 -1 L50 99 L101 -1 Z\"><\/path><\/svg><\/div><div class=\"fusion-section-separator-spacer\"><div class=\"fusion-section-separator-spacer-height\"><\/div><\/div><\/div><\/div><\/div><div class=\"fusion-layout-column fusion_builder_column fusion-builder-column-7 fusion_builder_column_2_3 2_3 fusion-flex-column fusion-animated\" style=\"--awb-bg-blend:overlay;--awb-bg-size:cover;--awb-width-large:66.666666666667%;--awb-margin-top-large:60px;--awb-spacing-right-large:calc( 0.03 * calc( 100% - 0px ) );--awb-margin-bottom-large:60px;--awb-spacing-left-large:calc( 0.03 * calc( 100% - 0px ) );--awb-width-medium:100%;--awb-spacing-right-medium:0px;--awb-spacing-left-medium:0px;--awb-width-small:100%;--awb-spacing-right-small:0px;--awb-spacing-left-small:0px;\" data-animationType=\"fadeIn\" data-animationDuration=\"1.0\" data-animationOffset=\"top-into-view\"><div class=\"fusion-column-wrapper fusion-flex-justify-content-flex-start fusion-content-layout-column\"><div class=\"fusion-text fusion-text-4 fusion-text-no-margin\" style=\"--awb-content-alignment:center;--awb-font-size:var(--awb-typography2-font-size);--awb-line-height:var(--awb-typography2-line-height);--awb-letter-spacing:var(--awb-typography2-letter-spacing);--awb-text-transform:var(--awb-typography2-text-transform);--awb-text-color:var(--awb-color1);--awb-margin-bottom:0px;--awb-text-font-family:var(--awb-typography2-font-family);--awb-text-font-weight:var(--awb-typography2-font-weight);--awb-text-font-style:var(--awb-typography2-font-style);\"><p>PR\u00caT \u00c0 VOUS LANCER DANS L\u2019AVENTURE ?<\/p>\n<\/div><div class=\"fusion-title title fusion-title-2 fusion-sep-none fusion-title-center fusion-title-text fusion-title-size-two\" style=\"--awb-text-color:var(--awb-color1);--awb-margin-top-small:0px;--awb-margin-right-small:0px;--awb-margin-bottom-small:20px;--awb-margin-left-small:0px;--awb-font-size:90px;\"><h2 class=\"fusion-title-heading title-heading-center fusion-responsive-typography-calculated\" style=\"margin:0;text-transform:var(--awb-typography1-text-transform);font-size:1em;--fontSize:90;line-height:var(--awb-typography1-line-height);\">DEVENEZ HOSTER<\/h2><\/div><div style=\"text-align:center;\"><a class=\"fusion-button button-flat button-xlarge button-default fusion-button-default button-1 fusion-button-default-span fusion-button-default-type\" target=\"_self\" href=\"https:\/\/docs.google.com\/forms\/d\/e\/1FAIpQLSe87X8rMXVAsgcLPdL0NJ2yetc91H3fk0uBc1i50i9jW1gy9Q\/viewform\"><span class=\"fusion-button-text awb-button__text awb-button__text--default\">POSTULEZ MAINTENANT<\/span><\/a><\/div><\/div><\/div><\/div><\/div>\n<\/p>\n","protected":false},"excerpt":{"rendered":"","protected":false},"author":2,"featured_media":0,"parent":0,"menu_order":0,"comment_status":"closed","ping_status":"closed","template":"100-width.php","meta":{"_monsterinsights_skip_tracking":false,"_monsterinsights_sitenote_active":false,"_monsterinsights_sitenote_note":"","_monsterinsights_sitenote_category":0,"footnotes":""},"class_list":["post-4728","page","type-page","status-publish","hentry"],"yoast_head":"<!-- This site is optimized with the Yoast SEO plugin v27.3 - https:\/\/yoast.com\/product\/yoast-seo-wordpress\/ -->\n<title>O\u00d9 SOMMES-NOUS - HOSTER<\/title>\n<meta name=\"description\" content=\"Le projet a \u00e9t\u00e9 pilot\u00e9 en Emilia-Romagna, en Italie. D\u00e9couvrez toutes les villes et tous les pays d&#039;Europe o\u00f9 HOSTER est actif.\" \/>\n<meta name=\"robots\" content=\"index, follow, max-snippet:-1, max-image-preview:large, max-video-preview:-1\" \/>\n<link rel=\"canonical\" href=\"https:\/\/hoster.community\/fr\/ou-sommes-nous\/\" \/>\n<meta property=\"og:locale\" content=\"fr_FR\" \/>\n<meta property=\"og:type\" content=\"article\" \/>\n<meta property=\"og:title\" content=\"HOSTER - O\u00d9 SOMMES-NOUS\" \/>\n<meta property=\"og:description\" content=\"Le projet a \u00e9t\u00e9 pilot\u00e9 en Emilia-Romagna, en Italie. D\u00e9couvrez toutes les villes et tous les pays d&#039;Europe o\u00f9 HOSTER est actif.\" \/>\n<meta property=\"og:url\" content=\"https:\/\/hoster.community\/fr\/ou-sommes-nous\/\" \/>\n<meta property=\"og:site_name\" content=\"HOSTER\" \/>\n<meta property=\"article:modified_time\" content=\"2022-09-29T11:08:46+00:00\" \/>\n<meta property=\"og:image\" content=\"https:\/\/hoster.community\/wp-content\/uploads\/2022\/03\/2000x1200_con-scritta-1-1024x614.jpg\" \/>\n<meta name=\"twitter:card\" content=\"summary_large_image\" \/>\n<meta name=\"twitter:label1\" content=\"Dur\u00e9e de lecture estim\u00e9e\" \/>\n\t<meta name=\"twitter:data1\" content=\"5 minutes\" \/>\n<script type=\"application\/ld+json\" class=\"yoast-schema-graph\">{\"@context\":\"https:\\\/\\\/schema.org\",\"@graph\":[{\"@type\":\"WebPage\",\"@id\":\"https:\\\/\\\/hoster.community\\\/fr\\\/ou-sommes-nous\\\/\",\"url\":\"https:\\\/\\\/hoster.community\\\/fr\\\/ou-sommes-nous\\\/\",\"name\":\"O\u00d9 SOMMES-NOUS - HOSTER\",\"isPartOf\":{\"@id\":\"https:\\\/\\\/hoster.community\\\/fr\\\/#website\"},\"datePublished\":\"2022-03-10T09:57:29+00:00\",\"dateModified\":\"2022-09-29T11:08:46+00:00\",\"description\":\"Le projet a \u00e9t\u00e9 pilot\u00e9 en Emilia-Romagna, en Italie. D\u00e9couvrez toutes les villes et tous les pays d'Europe o\u00f9 HOSTER est actif.\",\"inLanguage\":\"fr-FR\",\"potentialAction\":[{\"@type\":\"ReadAction\",\"target\":[\"https:\\\/\\\/hoster.community\\\/fr\\\/ou-sommes-nous\\\/\"]}]},{\"@type\":\"WebSite\",\"@id\":\"https:\\\/\\\/hoster.community\\\/fr\\\/#website\",\"url\":\"https:\\\/\\\/hoster.community\\\/fr\\\/\",\"name\":\"HOSTER\",\"description\":\"The experience of hosting a European student\",\"potentialAction\":[{\"@type\":\"SearchAction\",\"target\":{\"@type\":\"EntryPoint\",\"urlTemplate\":\"https:\\\/\\\/hoster.community\\\/fr\\\/?s={search_term_string}\"},\"query-input\":{\"@type\":\"PropertyValueSpecification\",\"valueRequired\":true,\"valueName\":\"search_term_string\"}}],\"inLanguage\":\"fr-FR\"}]}<\/script>\n<!-- \/ Yoast SEO plugin. -->","yoast_head_json":{"title":"O\u00d9 SOMMES-NOUS - HOSTER","description":"Le projet a \u00e9t\u00e9 pilot\u00e9 en Emilia-Romagna, en Italie. D\u00e9couvrez toutes les villes et tous les pays d'Europe o\u00f9 HOSTER est actif.","robots":{"index":"index","follow":"follow","max-snippet":"max-snippet:-1","max-image-preview":"max-image-preview:large","max-video-preview":"max-video-preview:-1"},"canonical":"https:\/\/hoster.community\/fr\/ou-sommes-nous\/","og_locale":"fr_FR","og_type":"article","og_title":"HOSTER - O\u00d9 SOMMES-NOUS","og_description":"Le projet a \u00e9t\u00e9 pilot\u00e9 en Emilia-Romagna, en Italie. D\u00e9couvrez toutes les villes et tous les pays d'Europe o\u00f9 HOSTER est actif.","og_url":"https:\/\/hoster.community\/fr\/ou-sommes-nous\/","og_site_name":"HOSTER","article_modified_time":"2022-09-29T11:08:46+00:00","og_image":[{"url":"https:\/\/hoster.community\/wp-content\/uploads\/2022\/03\/2000x1200_con-scritta-1-1024x614.jpg","type":"","width":"","height":""}],"twitter_card":"summary_large_image","twitter_misc":{"Dur\u00e9e de lecture estim\u00e9e":"5 minutes"},"schema":{"@context":"https:\/\/schema.org","@graph":[{"@type":"WebPage","@id":"https:\/\/hoster.community\/fr\/ou-sommes-nous\/","url":"https:\/\/hoster.community\/fr\/ou-sommes-nous\/","name":"O\u00d9 SOMMES-NOUS - HOSTER","isPartOf":{"@id":"https:\/\/hoster.community\/fr\/#website"},"datePublished":"2022-03-10T09:57:29+00:00","dateModified":"2022-09-29T11:08:46+00:00","description":"Le projet a \u00e9t\u00e9 pilot\u00e9 en Emilia-Romagna, en Italie. D\u00e9couvrez toutes les villes et tous les pays d'Europe o\u00f9 HOSTER est actif.","inLanguage":"fr-FR","potentialAction":[{"@type":"ReadAction","target":["https:\/\/hoster.community\/fr\/ou-sommes-nous\/"]}]},{"@type":"WebSite","@id":"https:\/\/hoster.community\/fr\/#website","url":"https:\/\/hoster.community\/fr\/","name":"HOSTER","description":"The experience of hosting a European student","potentialAction":[{"@type":"SearchAction","target":{"@type":"EntryPoint","urlTemplate":"https:\/\/hoster.community\/fr\/?s={search_term_string}"},"query-input":{"@type":"PropertyValueSpecification","valueRequired":true,"valueName":"search_term_string"}}],"inLanguage":"fr-FR"}]}},"_links":{"self":[{"href":"https:\/\/hoster.community\/fr\/wp-json\/wp\/v2\/pages\/4728","targetHints":{"allow":["GET"]}}],"collection":[{"href":"https:\/\/hoster.community\/fr\/wp-json\/wp\/v2\/pages"}],"about":[{"href":"https:\/\/hoster.community\/fr\/wp-json\/wp\/v2\/types\/page"}],"author":[{"embeddable":true,"href":"https:\/\/hoster.community\/fr\/wp-json\/wp\/v2\/users\/2"}],"replies":[{"embeddable":true,"href":"https:\/\/hoster.community\/fr\/wp-json\/wp\/v2\/comments?post=4728"}],"version-history":[{"count":3,"href":"https:\/\/hoster.community\/fr\/wp-json\/wp\/v2\/pages\/4728\/revisions"}],"predecessor-version":[{"id":5045,"href":"https:\/\/hoster.community\/fr\/wp-json\/wp\/v2\/pages\/4728\/revisions\/5045"}],"wp:attachment":[{"href":"https:\/\/hoster.community\/fr\/wp-json\/wp\/v2\/media?parent=4728"}],"curies":[{"name":"wp","href":"https:\/\/api.w.org\/{rel}","templated":true}]}}